{"id":181,"date":"2024-06-17T10:54:31","date_gmt":"2024-06-17T10:54:31","guid":{"rendered":"https:\/\/thebell.es\/?page_id=181"},"modified":"2024-06-17T13:32:53","modified_gmt":"2024-06-17T13:32:53","slug":"politica-de-privacidad","status":"publish","type":"page","link":"https:\/\/thebell.es\/en\/politica-de-privacidad\/","title":{"rendered":"Privacy Policy"},"content":{"rendered":"<p>[et_pb_section fb_built=\u00bb1&#8243; _builder_version=\u00bb4.25.0&#8243; _module_preset=\u00bbdefault\u00bb global_colors_info=\u00bb{}\u00bb][et_pb_row _builder_version=\u00bb4.25.0&#8243; _module_preset=\u00bbdefault\u00bb global_colors_info=\u00bb{}\u00bb][et_pb_column type=\u00bb4_4&#8243; _builder_version=\u00bb4.25.0&#8243; _module_preset=\u00bbdefault\u00bb global_colors_info=\u00bb{}\u00bb][et_pb_text _builder_version=\u00bb4.25.0&#8243; _module_preset=\u00bbdefault\u00bb hover_enabled=\u00bb0&#8243; global_colors_info=\u00bb{}\u00bb sticky_enabled=\u00bb0&#8243;]<\/p>\n<p><strong>1. Introducci\u00f3n<\/strong><\/p>\n<p>La presente Pol\u00edtica de Privacidad establece los t\u00e9rminos en que Stefana Catalina Bertalan, titular del sitio web thebell.es, utiliza y protege la informaci\u00f3n que es proporcionada por sus usuarios al momento de utilizar su sitio web. Stefana Catalina Bertalan est\u00e1 comprometida con la seguridad de los datos de sus usuarios. Cuando le pedimos llenar los campos de informaci\u00f3n personal con la cual usted pueda ser identificado, lo hacemos asegurando que s\u00f3lo se emplear\u00e1 de acuerdo con los t\u00e9rminos de este documento. Sin embargo, esta Pol\u00edtica de Privacidad puede cambiar con el tiempo o ser actualizada por lo que le recomendamos y enfatizamos revisar continuamente esta p\u00e1gina para asegurarse que est\u00e1 de acuerdo con dichos cambios.<\/p>\n<p><strong>2. Informaci\u00f3n que es recogida<\/strong><\/p>\n<p>Nuestro sitio web podr\u00e1 recoger informaci\u00f3n personal, por ejemplo: nombre, informaci\u00f3n de contacto como su direcci\u00f3n de correo electr\u00f3nico y tel\u00e9fono, e informaci\u00f3n demogr\u00e1fica. As\u00ed mismo, cuando sea necesario, podr\u00e1 ser requerida informaci\u00f3n espec\u00edfica para procesar alg\u00fan pedido o realizar una entrega o facturaci\u00f3n. Es importante destacar que tambi\u00e9n podemos recopilar informaci\u00f3n de menores de edad, con el consentimiento expl\u00edcito de sus padres o tutores legales.<\/p>\n<p><strong>3. Uso de la informaci\u00f3n recogida<\/strong><\/p>\n<p>Nuestro sitio web emplea la informaci\u00f3n con el fin de proporcionar el mejor servicio posible, particularmente para mantener un registro de usuarios, de pedidos en caso que aplique, y mejorar nuestros productos y servicios. Es posible que sean enviados correos electr\u00f3nicos peri\u00f3dicamente a trav\u00e9s de nuestro sitio con ofertas especiales, nuevos productos y otra informaci\u00f3n publicitaria que consideremos relevante para usted o que pueda brindarle alg\u00fan beneficio. Estos correos electr\u00f3nicos ser\u00e1n enviados a la direcci\u00f3n que usted proporcione y podr\u00e1n ser cancelados en cualquier momento.<\/p>\n<p>Stefana Catalina Bertalan est\u00e1 altamente comprometida para cumplir con el compromiso de mantener su informaci\u00f3n segura. Usamos los sistemas m\u00e1s avanzados y los actualizamos constantemente para asegurarnos que no exista ning\u00fan acceso no autorizado.<\/p>\n<p><strong>4. Tratamiento de datos de menores de edad<\/strong><\/p>\n<p>Para la recogida y tratamiento de datos personales de menores de edad, es obligatorio el consentimiento de sus padres o tutores legales. Los datos de los menores ser\u00e1n utilizados exclusivamente para los fines educativos correspondientes y ser\u00e1n tratados con la mayor confidencialidad y seguridad. En cualquier momento, los padres o tutores pueden solicitar la revisi\u00f3n, modificaci\u00f3n o eliminaci\u00f3n de los datos de los menores.<\/p>\n<p><strong>5. Cookies<\/strong><\/p>\n<p>Una cookie se refiere a un fichero que es enviado con la finalidad de solicitar permiso para almacenarse en su ordenador. Al aceptar dicho fichero, se crea y la cookie sirve para tener informaci\u00f3n respecto al tr\u00e1fico web y tambi\u00e9n facilita las futuras visitas a una web recurrente. Otra funci\u00f3n que tienen las cookies es que con ellas las web pueden reconocerte individualmente y, por tanto, brindarte el mejor servicio personalizado de su web.<\/p>\n<p>Nuestro sitio web emplea las cookies para poder identificar las p\u00e1ginas que son visitadas y su frecuencia. Esta informaci\u00f3n es empleada \u00fanicamente para an\u00e1lisis estad\u00edstico y despu\u00e9s la informaci\u00f3n se elimina de forma permanente. Usted puede eliminar las cookies en cualquier momento desde su ordenador. Sin embargo, las cookies ayudan a proporcionar un mejor servicio de los sitios web, estas no dan acceso a informaci\u00f3n de su ordenador ni de usted, a menos de que usted as\u00ed lo quiera y la proporcione directamente. Usted puede aceptar o negar el uso de cookies, sin embargo, la mayor\u00eda de navegadores aceptan cookies autom\u00e1ticamente pues sirve para tener un mejor servicio web. Tambi\u00e9n usted puede cambiar la configuraci\u00f3n de su ordenador para declinar las cookies. Si se declinan, es posible que no pueda utilizar algunos de nuestros servicios.<\/p>\n<p><strong>6. Enlaces a Terceros<\/strong><\/p>\n<p>Este sitio web pudiera contener enlaces a otros sitios que pudieran ser de su inter\u00e9s. Una vez que usted haga clic en estos enlaces y abandone nuestra p\u00e1gina, ya no tenemos control sobre el sitio al que es redirigido y, por lo tanto, no somos responsables de los t\u00e9rminos o privacidad ni de la protecci\u00f3n de sus datos en esos otros sitios terceros. Dichos sitios est\u00e1n sujetos a sus propias pol\u00edticas de privacidad, por lo cual es recomendable que los consulte para confirmar que usted est\u00e1 de acuerdo con estas.<\/p>\n<p><strong>7. Control de su informaci\u00f3n personal<\/strong><\/p>\n<p>En cualquier momento usted puede restringir la recopilaci\u00f3n o el uso de la informaci\u00f3n personal que es proporcionada a nuestro sitio web. Cada vez que se le solicite rellenar un formulario, como el de alta de usuario, puede marcar o desmarcar la opci\u00f3n de recibir informaci\u00f3n por correo electr\u00f3nico. En caso de que haya marcado la opci\u00f3n de recibir nuestro bolet\u00edn o publicidad, usted puede cancelarla en cualquier momento.<\/p>\n<p>Esta empresa no vender\u00e1, ceder\u00e1 ni distribuir\u00e1 la informaci\u00f3n personal que es recopilada sin su consentimiento, salvo que sea requerido por un juez con una orden judicial.<\/p>\n<p>Stefana Catalina Bertalan se reserva el derecho de cambiar los t\u00e9rminos de la presente Pol\u00edtica de Privacidad en cualquier momento.<\/p>\n<p><strong>8. Informaci\u00f3n de contacto<\/strong><\/p>\n<p>Para cualquier duda o consulta sobre esta Pol\u00edtica de Privacidad, puede ponerse en contacto con nosotros en:<\/p>\n<p><strong>Stefana Catalina Bertalan<\/strong><br \/>Calle Alcoraz 2, Of 6<br \/>22002 Huesca<br \/>NIF: Y0652591A<br \/>Correo electr\u00f3nico: <a rel=\"noreferrer\">catalina@thebell.es<\/a><\/p>\n<p>[\/et_pb_text][\/et_pb_column][\/et_pb_row][\/et_pb_section]<\/p>","protected":false},"excerpt":{"rendered":"<p>1. Introducci\u00f3n La presente Pol\u00edtica de Privacidad establece los t\u00e9rminos en que Stefana Catalina Bertalan, titular del sitio web thebell.es, utiliza y protege la informaci\u00f3n que es proporcionada por sus usuarios al momento de utilizar su sitio web. Stefana Catalina Bertalan est\u00e1 comprometida con la seguridad de los datos de sus usuarios. Cuando le pedimos [&hellip;]<\/p>","protected":false},"author":2,"featured_media":0,"parent":0,"menu_order":0,"comment_status":"closed","ping_status":"closed","template":"","meta":{"_et_pb_use_builder":"on","_et_pb_old_content":"","_et_gb_content_width":"","footnotes":""},"class_list":["post-181","page","type-page","status-publish","hentry"],"yoast_head":"<!-- This site is optimized with the Yoast SEO plugin v26.1.1 - https:\/\/yoast.com\/wordpress\/plugins\/seo\/ -->\n<title>Pol\u00edtica de Privacidad - The Bell<\/title>\n<meta name=\"robots\" content=\"index, follow, max-snippet:-1, max-image-preview:large, max-video-preview:-1\" \/>\n<link rel=\"canonical\" href=\"https:\/\/thebell.es\/en\/politica-de-privacidad\/\" \/>\n<meta property=\"og:locale\" content=\"en_GB\" \/>\n<meta property=\"og:type\" content=\"article\" \/>\n<meta property=\"og:title\" content=\"Pol\u00edtica de Privacidad - The Bell\" \/>\n<meta property=\"og:description\" content=\"1. Introducci\u00f3n La presente Pol\u00edtica de Privacidad establece los t\u00e9rminos en que Stefana Catalina Bertalan, titular del sitio web thebell.es, utiliza y protege la informaci\u00f3n que es proporcionada por sus usuarios al momento de utilizar su sitio web. Stefana Catalina Bertalan est\u00e1 comprometida con la seguridad de los datos de sus usuarios. Cuando le pedimos [&hellip;]\" \/>\n<meta property=\"og:url\" content=\"https:\/\/thebell.es\/en\/politica-de-privacidad\/\" \/>\n<meta property=\"og:site_name\" content=\"The Bell\" \/>\n<meta property=\"article:modified_time\" content=\"2024-06-17T13:32:53+00:00\" \/>\n<meta name=\"twitter:card\" content=\"summary_large_image\" \/>\n<script type=\"application\/ld+json\" class=\"yoast-schema-graph\">{\"@context\":\"https:\/\/schema.org\",\"@graph\":[{\"@type\":\"WebPage\",\"@id\":\"https:\/\/thebell.es\/politica-de-privacidad\/\",\"url\":\"https:\/\/thebell.es\/politica-de-privacidad\/\",\"name\":\"Pol\u00edtica de Privacidad - The Bell\",\"isPartOf\":{\"@id\":\"https:\/\/thebell.es\/#website\"},\"datePublished\":\"2024-06-17T10:54:31+00:00\",\"dateModified\":\"2024-06-17T13:32:53+00:00\",\"breadcrumb\":{\"@id\":\"https:\/\/thebell.es\/politica-de-privacidad\/#breadcrumb\"},\"inLanguage\":\"en-GB\",\"potentialAction\":[{\"@type\":\"ReadAction\",\"target\":[\"https:\/\/thebell.es\/politica-de-privacidad\/\"]}]},{\"@type\":\"BreadcrumbList\",\"@id\":\"https:\/\/thebell.es\/politica-de-privacidad\/#breadcrumb\",\"itemListElement\":[{\"@type\":\"ListItem\",\"position\":1,\"name\":\"Portada\",\"item\":\"https:\/\/thebell.es\/\"},{\"@type\":\"ListItem\",\"position\":2,\"name\":\"Pol\u00edtica de Privacidad\"}]},{\"@type\":\"WebSite\",\"@id\":\"https:\/\/thebell.es\/#website\",\"url\":\"https:\/\/thebell.es\/\",\"name\":\"The Bell\",\"description\":\"Centro de ingl\u00e9s. Juega, aprende y crece con nosotros\",\"potentialAction\":[{\"@type\":\"SearchAction\",\"target\":{\"@type\":\"EntryPoint\",\"urlTemplate\":\"https:\/\/thebell.es\/?s={search_term_string}\"},\"query-input\":{\"@type\":\"PropertyValueSpecification\",\"valueRequired\":true,\"valueName\":\"search_term_string\"}}],\"inLanguage\":\"en-GB\"}]}<\/script>\n<!-- \/ Yoast SEO plugin. -->","yoast_head_json":{"title":"Pol\u00edtica de Privacidad - The Bell","robots":{"index":"index","follow":"follow","max-snippet":"max-snippet:-1","max-image-preview":"max-image-preview:large","max-video-preview":"max-video-preview:-1"},"canonical":"https:\/\/thebell.es\/en\/politica-de-privacidad\/","og_locale":"en_GB","og_type":"article","og_title":"Pol\u00edtica de Privacidad - The Bell","og_description":"1. Introducci\u00f3n La presente Pol\u00edtica de Privacidad establece los t\u00e9rminos en que Stefana Catalina Bertalan, titular del sitio web thebell.es, utiliza y protege la informaci\u00f3n que es proporcionada por sus usuarios al momento de utilizar su sitio web. Stefana Catalina Bertalan est\u00e1 comprometida con la seguridad de los datos de sus usuarios. Cuando le pedimos [&hellip;]","og_url":"https:\/\/thebell.es\/en\/politica-de-privacidad\/","og_site_name":"The Bell","article_modified_time":"2024-06-17T13:32:53+00:00","twitter_card":"summary_large_image","schema":{"@context":"https:\/\/schema.org","@graph":[{"@type":"WebPage","@id":"https:\/\/thebell.es\/politica-de-privacidad\/","url":"https:\/\/thebell.es\/politica-de-privacidad\/","name":"Pol\u00edtica de Privacidad - The Bell","isPartOf":{"@id":"https:\/\/thebell.es\/#website"},"datePublished":"2024-06-17T10:54:31+00:00","dateModified":"2024-06-17T13:32:53+00:00","breadcrumb":{"@id":"https:\/\/thebell.es\/politica-de-privacidad\/#breadcrumb"},"inLanguage":"en-GB","potentialAction":[{"@type":"ReadAction","target":["https:\/\/thebell.es\/politica-de-privacidad\/"]}]},{"@type":"BreadcrumbList","@id":"https:\/\/thebell.es\/politica-de-privacidad\/#breadcrumb","itemListElement":[{"@type":"ListItem","position":1,"name":"Portada","item":"https:\/\/thebell.es\/"},{"@type":"ListItem","position":2,"name":"Pol\u00edtica de Privacidad"}]},{"@type":"WebSite","@id":"https:\/\/thebell.es\/#website","url":"https:\/\/thebell.es\/","name":"The Bell","description":"Centro de ingl\u00e9s. Juega, aprende y crece con nosotros","potentialAction":[{"@type":"SearchAction","target":{"@type":"EntryPoint","urlTemplate":"https:\/\/thebell.es\/?s={search_term_string}"},"query-input":{"@type":"PropertyValueSpecification","valueRequired":true,"valueName":"search_term_string"}}],"inLanguage":"en-GB"}]}},"_links":{"self":[{"href":"https:\/\/thebell.es\/en\/wp-json\/wp\/v2\/pages\/181","targetHints":{"allow":["GET"]}}],"collection":[{"href":"https:\/\/thebell.es\/en\/wp-json\/wp\/v2\/pages"}],"about":[{"href":"https:\/\/thebell.es\/en\/wp-json\/wp\/v2\/types\/page"}],"author":[{"embeddable":true,"href":"https:\/\/thebell.es\/en\/wp-json\/wp\/v2\/users\/2"}],"replies":[{"embeddable":true,"href":"https:\/\/thebell.es\/en\/wp-json\/wp\/v2\/comments?post=181"}],"version-history":[{"count":5,"href":"https:\/\/thebell.es\/en\/wp-json\/wp\/v2\/pages\/181\/revisions"}],"predecessor-version":[{"id":198,"href":"https:\/\/thebell.es\/en\/wp-json\/wp\/v2\/pages\/181\/revisions\/198"}],"wp:attachment":[{"href":"https:\/\/thebell.es\/en\/wp-json\/wp\/v2\/media?parent=181"}],"curies":[{"name":"wp","href":"https:\/\/api.w.org\/{rel}","templated":true}]}}