{"id":185,"date":"2024-06-17T11:02:16","date_gmt":"2024-06-17T11:02:16","guid":{"rendered":"https:\/\/thebell.es\/?page_id=185"},"modified":"2024-06-17T11:50:47","modified_gmt":"2024-06-17T11:50:47","slug":"aviso-legal","status":"publish","type":"page","link":"https:\/\/thebell.es\/en\/aviso-legal\/","title":{"rendered":"Legal Notice"},"content":{"rendered":"<p>[et_pb_section fb_built=\u00bb1&#8243; _builder_version=\u00bb4.25.0&#8243; _module_preset=\u00bbdefault\u00bb global_colors_info=\u00bb{}\u00bb][et_pb_row _builder_version=\u00bb4.25.0&#8243; _module_preset=\u00bbdefault\u00bb global_colors_info=\u00bb{}\u00bb width=\u00bb77.6%\u00bb][et_pb_column type=\u00bb4_4&#8243; _builder_version=\u00bb4.25.0&#8243; _module_preset=\u00bbdefault\u00bb global_colors_info=\u00bb{}\u00bb][et_pb_text _builder_version=\u00bb4.25.0&#8243; _module_preset=\u00bbdefault\u00bb hover_enabled=\u00bb0&#8243; global_colors_info=\u00bb{}\u00bb sticky_enabled=\u00bb0&#8243;]<\/p>\n<p><strong>1. Identificaci\u00f3n del titular del sitio web<\/strong><\/p>\n<p>De acuerdo con lo establecido en el art\u00edculo 10 de la Ley 34\/2002 de 11 de julio, de servicios de la sociedad de la informaci\u00f3n y de comercio electr\u00f3nico, se proporcionan a continuaci\u00f3n los datos de identificaci\u00f3n e informaci\u00f3n general del titular del sitio web <a rel=\"noreferrer noopener\" target=\"_new\" href=\"https:\/\/thebell.es\/en\/\">www.thebell.es<\/a>:<\/p>\n<p>Nombre: Stefana Catalina Bertalan<br \/>N\u00famero de Identificaci\u00f3n Fiscal (NIF): Y0652591A<br \/>Tel\u00e9fono: [N\u00famero de tel\u00e9fono, si lo deseas a\u00f1adir]<br \/>Correo electr\u00f3nico de contacto general: <a rel=\"noreferrer\">catalina@thebell.es<\/a><br \/>Direcci\u00f3n: Calle Alcoraz 2, Of 6, 22002 Huesca<\/p>\n<p><strong>2. Condiciones de uso<\/strong><\/p>\n<p>El uso del sitio web <a rel=\"noreferrer noopener\" target=\"_new\" href=\"https:\/\/thebell.es\/en\/\">www.thebell.es<\/a> se rige por las normas establecidas en el presente aviso legal. Con su utilizaci\u00f3n, el usuario acepta estas condiciones.<\/p>\n<p><strong>3. Propiedad intelectual e industrial<\/strong><\/p>\n<p>El contenido del sitio web, incluyendo textos, im\u00e1genes, gr\u00e1ficos, dise\u00f1os, c\u00f3digos fuente, logotipos, marcas y otros elementos, est\u00e1 protegido por la legislaci\u00f3n sobre propiedad intelectual e industrial. La reproducci\u00f3n, distribuci\u00f3n, comunicaci\u00f3n p\u00fablica y transformaci\u00f3n de estos contenidos, sin la autorizaci\u00f3n del titular, est\u00e1 prohibida.<\/p>\n<p><strong>4. Protecci\u00f3n de datos<\/strong><\/p>\n<p>De acuerdo con lo establecido en la normativa vigente sobre protecci\u00f3n de datos personales, los datos que los usuarios proporcionen a trav\u00e9s del sitio web ser\u00e1n tratados conforme a nuestra Pol\u00edtica de Privacidad, que puede consultarse en este mismo sitio.<\/p>\n<p><strong>5. Responsabilidad de los contenidos<\/strong><\/p>\n<p>El titular del sitio web no se responsabiliza del mal uso que se realice de los contenidos del sitio web, siendo exclusiva responsabilidad del usuario que acceda a ellos o los utilice. Asimismo, no se asume responsabilidad alguna por la informaci\u00f3n contenida en los sitios web de terceros a los que se pueda acceder a trav\u00e9s de enlaces desde <a rel=\"noreferrer noopener\" target=\"_new\" href=\"https:\/\/thebell.es\/en\/\">www.thebell.es<\/a>.<\/p>\n<p><strong>6. Uso de cookies<\/strong><\/p>\n<p>El sitio web <a rel=\"noreferrer noopener\" target=\"_new\" href=\"https:\/\/thebell.es\/en\/\">www.thebell.es<\/a> utiliza cookies para mejorar la experiencia del usuario. Para m\u00e1s informaci\u00f3n sobre el uso de cookies, consulte nuestra Pol\u00edtica de Privacidad.<\/p>\n<p><strong>7. Modificaciones del sitio web y del aviso legal<\/strong><\/p>\n<p>El titular del sitio web se reserva el derecho a modificar sin previo aviso el contenido del sitio web, as\u00ed como las condiciones del presente aviso legal.<\/p>\n<p><strong>8. Legislaci\u00f3n aplicable y jurisdicci\u00f3n<\/strong><\/p>\n<p>El presente aviso legal se rige por la normativa espa\u00f1ola. Para cualquier controversia que pudiera derivarse del acceso o uso del sitio web, ser\u00e1n competentes los tribunales de Huesca.<\/p>\n<p><strong>9. Contacto<\/strong><\/p>\n<p>Para cualquier duda o consulta sobre el presente aviso legal, puede ponerse en contacto con nosotros en:<\/p>\n<p><strong>Stefana Catalina Bertalan<\/strong><br \/>Calle Alcoraz 2, Of 6<br \/>22002 Huesca<br \/>NIF: Y0652591A<br \/>Correo electr\u00f3nico: <a rel=\"noreferrer\">catalina@thebell.es<\/a><\/p>\n<p>[\/et_pb_text][\/et_pb_column][\/et_pb_row][\/et_pb_section]<\/p>","protected":false},"excerpt":{"rendered":"<p>1. Identificaci\u00f3n del titular del sitio web De acuerdo con lo establecido en el art\u00edculo 10 de la Ley 34\/2002 de 11 de julio, de servicios de la sociedad de la informaci\u00f3n y de comercio electr\u00f3nico, se proporcionan a continuaci\u00f3n los datos de identificaci\u00f3n e informaci\u00f3n general del titular del sitio web www.thebell.es: Nombre: Stefana [&hellip;]<\/p>","protected":false},"author":2,"featured_media":0,"parent":0,"menu_order":0,"comment_status":"closed","ping_status":"closed","template":"","meta":{"_et_pb_use_builder":"on","_et_pb_old_content":"","_et_gb_content_width":"","footnotes":""},"class_list":["post-185","page","type-page","status-publish","hentry"],"yoast_head":"<!-- This site is optimized with the Yoast SEO plugin v26.1.1 - https:\/\/yoast.com\/wordpress\/plugins\/seo\/ -->\n<title>Aviso Legal - The Bell<\/title>\n<meta name=\"robots\" content=\"index, follow, max-snippet:-1, max-image-preview:large, max-video-preview:-1\" \/>\n<link rel=\"canonical\" href=\"https:\/\/thebell.es\/en\/aviso-legal\/\" \/>\n<meta property=\"og:locale\" content=\"en_GB\" \/>\n<meta property=\"og:type\" content=\"article\" \/>\n<meta property=\"og:title\" content=\"Aviso Legal - The Bell\" \/>\n<meta property=\"og:description\" content=\"1. Identificaci\u00f3n del titular del sitio web De acuerdo con lo establecido en el art\u00edculo 10 de la Ley 34\/2002 de 11 de julio, de servicios de la sociedad de la informaci\u00f3n y de comercio electr\u00f3nico, se proporcionan a continuaci\u00f3n los datos de identificaci\u00f3n e informaci\u00f3n general del titular del sitio web www.thebell.es: Nombre: Stefana [&hellip;]\" \/>\n<meta property=\"og:url\" content=\"https:\/\/thebell.es\/en\/aviso-legal\/\" \/>\n<meta property=\"og:site_name\" content=\"The Bell\" \/>\n<meta property=\"article:modified_time\" content=\"2024-06-17T11:50:47+00:00\" \/>\n<meta name=\"twitter:card\" content=\"summary_large_image\" \/>\n<script type=\"application\/ld+json\" class=\"yoast-schema-graph\">{\"@context\":\"https:\/\/schema.org\",\"@graph\":[{\"@type\":\"WebPage\",\"@id\":\"https:\/\/thebell.es\/aviso-legal\/\",\"url\":\"https:\/\/thebell.es\/aviso-legal\/\",\"name\":\"Aviso Legal - The Bell\",\"isPartOf\":{\"@id\":\"https:\/\/thebell.es\/#website\"},\"datePublished\":\"2024-06-17T11:02:16+00:00\",\"dateModified\":\"2024-06-17T11:50:47+00:00\",\"breadcrumb\":{\"@id\":\"https:\/\/thebell.es\/aviso-legal\/#breadcrumb\"},\"inLanguage\":\"en-GB\",\"potentialAction\":[{\"@type\":\"ReadAction\",\"target\":[\"https:\/\/thebell.es\/aviso-legal\/\"]}]},{\"@type\":\"BreadcrumbList\",\"@id\":\"https:\/\/thebell.es\/aviso-legal\/#breadcrumb\",\"itemListElement\":[{\"@type\":\"ListItem\",\"position\":1,\"name\":\"Portada\",\"item\":\"https:\/\/thebell.es\/\"},{\"@type\":\"ListItem\",\"position\":2,\"name\":\"Aviso Legal\"}]},{\"@type\":\"WebSite\",\"@id\":\"https:\/\/thebell.es\/#website\",\"url\":\"https:\/\/thebell.es\/\",\"name\":\"The Bell\",\"description\":\"Centro de ingl\u00e9s. Juega, aprende y crece con nosotros\",\"potentialAction\":[{\"@type\":\"SearchAction\",\"target\":{\"@type\":\"EntryPoint\",\"urlTemplate\":\"https:\/\/thebell.es\/?s={search_term_string}\"},\"query-input\":{\"@type\":\"PropertyValueSpecification\",\"valueRequired\":true,\"valueName\":\"search_term_string\"}}],\"inLanguage\":\"en-GB\"}]}<\/script>\n<!-- \/ Yoast SEO plugin. -->","yoast_head_json":{"title":"Aviso Legal - The Bell","robots":{"index":"index","follow":"follow","max-snippet":"max-snippet:-1","max-image-preview":"max-image-preview:large","max-video-preview":"max-video-preview:-1"},"canonical":"https:\/\/thebell.es\/en\/aviso-legal\/","og_locale":"en_GB","og_type":"article","og_title":"Aviso Legal - The Bell","og_description":"1. Identificaci\u00f3n del titular del sitio web De acuerdo con lo establecido en el art\u00edculo 10 de la Ley 34\/2002 de 11 de julio, de servicios de la sociedad de la informaci\u00f3n y de comercio electr\u00f3nico, se proporcionan a continuaci\u00f3n los datos de identificaci\u00f3n e informaci\u00f3n general del titular del sitio web www.thebell.es: Nombre: Stefana [&hellip;]","og_url":"https:\/\/thebell.es\/en\/aviso-legal\/","og_site_name":"The Bell","article_modified_time":"2024-06-17T11:50:47+00:00","twitter_card":"summary_large_image","schema":{"@context":"https:\/\/schema.org","@graph":[{"@type":"WebPage","@id":"https:\/\/thebell.es\/aviso-legal\/","url":"https:\/\/thebell.es\/aviso-legal\/","name":"Aviso Legal - The Bell","isPartOf":{"@id":"https:\/\/thebell.es\/#website"},"datePublished":"2024-06-17T11:02:16+00:00","dateModified":"2024-06-17T11:50:47+00:00","breadcrumb":{"@id":"https:\/\/thebell.es\/aviso-legal\/#breadcrumb"},"inLanguage":"en-GB","potentialAction":[{"@type":"ReadAction","target":["https:\/\/thebell.es\/aviso-legal\/"]}]},{"@type":"BreadcrumbList","@id":"https:\/\/thebell.es\/aviso-legal\/#breadcrumb","itemListElement":[{"@type":"ListItem","position":1,"name":"Portada","item":"https:\/\/thebell.es\/"},{"@type":"ListItem","position":2,"name":"Aviso Legal"}]},{"@type":"WebSite","@id":"https:\/\/thebell.es\/#website","url":"https:\/\/thebell.es\/","name":"The Bell","description":"Centro de ingl\u00e9s. Juega, aprende y crece con nosotros","potentialAction":[{"@type":"SearchAction","target":{"@type":"EntryPoint","urlTemplate":"https:\/\/thebell.es\/?s={search_term_string}"},"query-input":{"@type":"PropertyValueSpecification","valueRequired":true,"valueName":"search_term_string"}}],"inLanguage":"en-GB"}]}},"_links":{"self":[{"href":"https:\/\/thebell.es\/en\/wp-json\/wp\/v2\/pages\/185","targetHints":{"allow":["GET"]}}],"collection":[{"href":"https:\/\/thebell.es\/en\/wp-json\/wp\/v2\/pages"}],"about":[{"href":"https:\/\/thebell.es\/en\/wp-json\/wp\/v2\/types\/page"}],"author":[{"embeddable":true,"href":"https:\/\/thebell.es\/en\/wp-json\/wp\/v2\/users\/2"}],"replies":[{"embeddable":true,"href":"https:\/\/thebell.es\/en\/wp-json\/wp\/v2\/comments?post=185"}],"version-history":[{"count":4,"href":"https:\/\/thebell.es\/en\/wp-json\/wp\/v2\/pages\/185\/revisions"}],"predecessor-version":[{"id":195,"href":"https:\/\/thebell.es\/en\/wp-json\/wp\/v2\/pages\/185\/revisions\/195"}],"wp:attachment":[{"href":"https:\/\/thebell.es\/en\/wp-json\/wp\/v2\/media?parent=185"}],"curies":[{"name":"wp","href":"https:\/\/api.w.org\/{rel}","templated":true}]}}