{"id":383,"date":"2024-07-22T09:42:53","date_gmt":"2024-07-22T09:42:53","guid":{"rendered":"https:\/\/thebell.es\/?page_id=383"},"modified":"2025-01-02T11:36:33","modified_gmt":"2025-01-02T11:36:33","slug":"kids","status":"publish","type":"page","link":"https:\/\/thebell.es\/en\/kids\/","title":{"rendered":"Classes for childen"},"content":{"rendered":"<p>[et_pb_section fb_built=\u00bb1&#8243; prev_background_color=\u00bb#ffffff\u00bb next_background_color=\u00bb#ffffff\u00bb admin_label=\u00bbSchedule\u00bb _builder_version=\u00bb4.25.0&#8243; _module_preset=\u00bbdefault\u00bb background_color=\u00bb#FFFFFF\u00bb background_image=\u00bbhttps:\/\/thebell.es\/wp-content\/uploads\/2024\/05\/Image-4a-2.png\u00bb background_position=\u00bbtop_center\u00bb custom_margin=\u00bb50px||50px||true|false\u00bb custom_padding=\u00bb100px||100px||true|false\u00bb top_divider_style=\u00bbclouds2&#8243; bottom_divider_style=\u00bbclouds2&#8243; bottom_divider_flip=\u00bbvertical\u00bb global_colors_info=\u00bb{}\u00bb][et_pb_row column_structure=\u00bb1_2,1_2&#8243; _builder_version=\u00bb4.25.0&#8243; _module_preset=\u00bbdefault\u00bb global_colors_info=\u00bb{}\u00bb][et_pb_column type=\u00bb1_2&#8243; _builder_version=\u00bb4.25.0&#8243; _module_preset=\u00bbdefault\u00bb custom_padding_tablet=\u00bb|50px||50px|true|true\u00bb custom_padding_phone=\u00bb|30px||30px|true|true\u00bb custom_padding_last_edited=\u00bboff|desktop\u00bb background_size_tablet=\u00bbcover\u00bb global_colors_info=\u00bb{}\u00bb][et_pb_text _builder_version=\u00bb4.27.0&#8243; _module_preset=\u00bbafb1dec1-36d3-48b4-b948-7f883a70586c\u00bb header_font=\u00bbBarriecito||||||||\u00bb header_text_align=\u00bbcenter\u00bb header_2_font=\u00bbBarriecito||||||||\u00bb header_2_font_size=\u00bb26px\u00bb custom_margin=\u00bb2px||2px||true|false\u00bb locked=\u00bboff\u00bb global_colors_info=\u00bb{}\u00bb]<\/p>\n<h1>Kids<\/h1>\n<p>[\/et_pb_text][et_pb_image src=\u00bbhttps:\/\/thebell.es\/wp-content\/uploads\/2024\/05\/online-classroom-09.png\u00bb title_text=\u00bbonline-classroom-09&#8243; align=\u00bbcenter\u00bb _builder_version=\u00bb4.16&#8243; _module_preset=\u00bbdefault\u00bb global_colors_info=\u00bb{}\u00bb][\/et_pb_image][et_pb_text _builder_version=\u00bb4.27.0&#8243; _module_preset=\u00bbafb1dec1-36d3-48b4-b948-7f883a70586c\u00bb text_font_size=\u00bb15px\u00bb header_font=\u00bbBarriecito||||||||\u00bb header_2_font=\u00bbBarriecito||||||||\u00bb header_2_font_size=\u00bb26px\u00bb custom_margin=\u00bb0px||0px||true|false\u00bb text_font_size_phone=\u00bb18px\u00bb locked=\u00bboff\u00bb global_colors_info=\u00bb{}\u00bb]<\/p>\n<p>At The Bell, we use different methodologies based on the age and level of the students.<\/p>\n<p>In <strong>preschool and primary school,<\/strong> our English classes have a playful approach, designed for children to learn the language in a natural, spontaneous, and fun way. During these school years, the classes focus on oral practice through conversation and games. These engaging classes, led by the teacher, emphasize vocabulary and grammar appropriate to the students' age and level. They are not traditional English classes but are carefully crafted to help children open up and interact with both the teacher and their classmates, learning the language almost effortlessly.<\/p>\n<p>[\/et_pb_text][\/et_pb_column][et_pb_column type=\u00bb1_2&#8243; _builder_version=\u00bb4.25.0&#8243; _module_preset=\u00bbdefault\u00bb global_colors_info=\u00bb{}\u00bb][et_pb_image src=\u00bbhttps:\/\/thebell.es\/wp-content\/uploads\/2024\/07\/Primaria-8.jpeg\u00bb title_text=\u00bbPrimaria 8&#8243; _builder_version=\u00bb4.27.0&#8243; _module_preset=\u00bbdefault\u00bb border_radii=\u00bboff|20px|20px|20px|20px\u00bb global_colors_info=\u00bb{}\u00bb][\/et_pb_image][\/et_pb_column][\/et_pb_row][et_pb_row _builder_version=\u00bb4.25.0&#8243; _module_preset=\u00bbdefault\u00bb global_colors_info=\u00bb{}\u00bb][et_pb_column type=\u00bb4_4&#8243; _builder_version=\u00bb4.25.0&#8243; _module_preset=\u00bbdefault\u00bb global_colors_info=\u00bb{}\u00bb][et_pb_gallery gallery_ids=\u00bb332,333,335,350,349,345,341&#8243; gallery_orderby=\u00bbrand\u00bb posts_number=\u00bb6&#8243; show_title_and_caption=\u00bboff\u00bb show_pagination=\u00bboff\u00bb _builder_version=\u00bb4.27.0&#8243; _module_preset=\u00bbdefault\u00bb border_radii=\u00bboff|15px|15px|15px|15px\u00bb global_colors_info=\u00bb{}\u00bb][\/et_pb_gallery][\/et_pb_column][\/et_pb_row][\/et_pb_section][et_pb_section fb_built=\u00bb1&#8243; prev_background_color=\u00bb#FFFFFF\u00bb next_background_color=\u00bb#ffffff\u00bb admin_label=\u00bbFeature\u00bb _builder_version=\u00bb4.27.0&#8243; _module_preset=\u00bbdefault\u00bb background_image=\u00bbhttps:\/\/thebell.es\/wp-content\/uploads\/2024\/05\/Image-9b.png\u00bb background_position=\u00bbtop_left\u00bb background_horizontal_offset=\u00bb2%\u00bb min_height=\u00bb938.4px\u00bb custom_margin=\u00bb50px||50px||true|false\u00bb top_divider_style=\u00bbclouds2&#8243; bottom_divider_style=\u00bbclouds2&#8243; bottom_divider_flip=\u00bbvertical\u00bb global_module=\u00bb367&#8243; saved_tabs=\u00bball\u00bb global_colors_info=\u00bb{}\u00bb][et_pb_row column_structure=\u00bb1_4,1_2,1_4&#8243; module_id=\u00bbcontacto\u00bb _builder_version=\u00bb4.25.0&#8243; _module_preset=\u00bbdefault\u00bb width=\u00bb100%\u00bb max_width=\u00bb100%\u00bb custom_margin=\u00bb5vh||||false|false\u00bb global_colors_info=\u00bb{}\u00bb][et_pb_column type=\u00bb1_4&#8243; _builder_version=\u00bb4.25.0&#8243; _module_preset=\u00bbdefault\u00bb global_colors_info=\u00bb{}\u00bb][et_pb_image src=\u00bbhttps:\/\/thebell.es\/wp-content\/uploads\/2024\/05\/IMG_0831.png\u00bb title_text=\u00bbIMG_0831&#8243; _builder_version=\u00bb4.25.0&#8243; _module_preset=\u00bbdefault\u00bb custom_margin=\u00bb10vh||||false|false\u00bb global_colors_info=\u00bb{}\u00bb][\/et_pb_image][\/et_pb_column][et_pb_column type=\u00bb1_2&#8243; _builder_version=\u00bb4.25.0&#8243; _module_preset=\u00bbdefault\u00bb global_colors_info=\u00bb{}\u00bb][et_pb_text module_id=\u00bbcontacto\u00bb _builder_version=\u00bb4.25.0&#8243; _module_preset=\u00bba14a3070-0f27-4166-b303-92f53a7af324&#8243; header_2_font=\u00bbBarriecito||||||||\u00bb header_2_text_align=\u00bbcenter\u00bb header_2_text_color=\u00bb#000000&#8243; header_2_font_size=\u00bb42px\u00bb header_2_line_height=\u00bb1.2em\u00bb module_alignment=\u00bbleft\u00bb header_2_font_size_tablet=\u00bb30px\u00bb header_2_font_size_phone=\u00bb20px\u00bb header_2_font_size_last_edited=\u00bbon|tablet\u00bb inline_fonts=\u00bbBarriecito\u00bb global_colors_info=\u00bb{}\u00bb]<\/p>\n<h2>Need more info?<\/h2>\n<p>[\/et_pb_text][et_pb_blurb title=\u00bbinfo@thebell.es\u00bb use_icon=\u00bbon\u00bb font_icon=\u00bb&#xe076;||divi||400&#8243; icon_color=\u00bb#000000&#8243; icon_placement=\u00bbleft\u00bb image_icon_width=\u00bb30px\u00bb content_max_width=\u00bb100%\u00bb _builder_version=\u00bb4.27.0&#8243; _module_preset=\u00bbdefault\u00bb body_font=\u00bbMontserrat|500|||||||\u00bb body_text_color=\u00bb#000000&#8243; body_font_size=\u00bb16px\u00bb body_line_height=\u00bb1.2em\u00bb body_link_text_color=\u00bb#2a2a2a\u00bb max_width=\u00bb510px\u00bb custom_margin=\u00bb20px|||0px|false|false\u00bb custom_margin_tablet=\u00bb\u00bb custom_margin_phone=\u00bb|||100px|false|false\u00bb custom_margin_last_edited=\u00bbon|phone\u00bb animation=\u00bboff\u00bb icon_font_size=\u00bb16px\u00bb global_colors_info=\u00bb{}\u00bb][\/et_pb_blurb][et_pb_blurb title=\u00bb622 135 852&#8243; use_icon=\u00bbon\u00bb font_icon=\u00bb&#xe090;||divi||400&#8243; icon_color=\u00bb#000000&#8243; icon_placement=\u00bbleft\u00bb image_icon_width=\u00bb30px\u00bb content_max_width=\u00bb100%\u00bb _builder_version=\u00bb4.27.0&#8243; _module_preset=\u00bbdefault\u00bb body_font=\u00bbMontserrat|500|||||||\u00bb body_text_color=\u00bb#000000&#8243; body_font_size=\u00bb16px\u00bb body_line_height=\u00bb1.2em\u00bb body_link_text_color=\u00bb#2a2a2a\u00bb max_width=\u00bb510px\u00bb custom_margin=\u00bb20px|||0px|false|false\u00bb custom_margin_tablet=\u00bb\u00bb custom_margin_phone=\u00bb|||100px|false|false\u00bb custom_margin_last_edited=\u00bbon|phone\u00bb animation=\u00bboff\u00bb hover_enabled=\u00bb0&#8243; icon_font_size=\u00bb16px\u00bb global_colors_info=\u00bb{}\u00bb sticky_enabled=\u00bb0&#8243;][\/et_pb_blurb][et_pb_contact_form email=\u00bbinfo@thebell.es\u00bb custom_message=\u00bbUn correo recibido de: %%name%%||et_pb_line_break_holder||Su direcci\u00f3n es: %%email%%||et_pb_line_break_holder||El mensajes es: %%Message%%\u00bb use_redirect=\u00bbon\u00bb redirect_url=\u00bbhttps:\/\/thebell.es\/thanks\/\u00bb _builder_version=\u00bb4.27.0&#8243; _module_preset=\u00bbdefault\u00bb form_field_background_color=\u00bbRGBA(0,0,0,0)\u00bb form_field_text_color=\u00bb#2a2a2a\u00bb form_field_font=\u00bbMontserrat|500|||||||\u00bb form_field_text_align=\u00bbleft\u00bb form_field_font_size=\u00bb14px\u00bb form_field_line_height=\u00bb1.8em\u00bb background_color=\u00bbrgba(255,255,255,0.82)\u00bb custom_button=\u00bbon\u00bb button_text_size=\u00bb18px\u00bb button_text_color=\u00bb#FFFFFF\u00bb button_bg_color=\u00bb#000000&#8243; button_border_width=\u00bb0px\u00bb button_border_radius=\u00bb0px\u00bb button_font=\u00bbCandal||||||||\u00bb button_icon=\u00bb&#x45;||divi||400&#8243; button_custom_padding=\u00bb15px|40px|15px|40px|true|true\u00bb custom_margin=\u00bb20px||||false|false\u00bb custom_padding=\u00bb50px|50px|50px|50px|true|true\u00bb form_field_font_size_tablet=\u00bb15px\u00bb form_field_font_size_phone=\u00bb14px\u00bb form_field_font_size_last_edited=\u00bboff|desktop\u00bb button_text_size_tablet=\u00bb16px\u00bb button_text_size_phone=\u00bb14px\u00bb button_text_size_last_edited=\u00bbon|phone\u00bb border_radii=\u00bbon|10px|10px|10px|10px\u00bb border_width_all=\u00bb1px\u00bb border_style_all=\u00bbdashed\u00bb global_colors_info=\u00bb{}\u00bb][et_pb_contact_field field_id=\u00bbName\u00bb field_title=\u00bbName\u00bb fullwidth_field=\u00bbon\u00bb _builder_version=\u00bb4.16&#8243; global_colors_info=\u00bb{}\u00bb button_text_size__hover_enabled=\u00bboff\u00bb button_one_text_size__hover_enabled=\u00bboff\u00bb button_two_text_size__hover_enabled=\u00bboff\u00bb button_text_color__hover_enabled=\u00bboff\u00bb button_one_text_color__hover_enabled=\u00bboff\u00bb button_two_text_color__hover_enabled=\u00bboff\u00bb button_border_width__hover_enabled=\u00bboff\u00bb button_one_border_width__hover_enabled=\u00bboff\u00bb button_two_border_width__hover_enabled=\u00bboff\u00bb button_border_color__hover_enabled=\u00bboff\u00bb button_one_border_color__hover_enabled=\u00bboff\u00bb button_two_border_color__hover_enabled=\u00bboff\u00bb button_border_radius__hover_enabled=\u00bboff\u00bb button_one_border_radius__hover_enabled=\u00bboff\u00bb button_two_border_radius__hover_enabled=\u00bboff\u00bb button_letter_spacing__hover_enabled=\u00bboff\u00bb button_one_letter_spacing__hover_enabled=\u00bboff\u00bb button_two_letter_spacing__hover_enabled=\u00bboff\u00bb button_bg_color__hover_enabled=\u00bboff\u00bb button_one_bg_color__hover_enabled=\u00bboff\u00bb button_two_bg_color__hover_enabled=\u00bboff\u00bb][\/et_pb_contact_field][et_pb_contact_field field_id=\u00bbEmail\u00bb field_title=\u00bbEmail Address\u00bb field_type=\u00bbemail\u00bb fullwidth_field=\u00bbon\u00bb _builder_version=\u00bb4.16&#8243; global_colors_info=\u00bb{}\u00bb button_text_size__hover_enabled=\u00bboff\u00bb button_one_text_size__hover_enabled=\u00bboff\u00bb button_two_text_size__hover_enabled=\u00bboff\u00bb button_text_color__hover_enabled=\u00bboff\u00bb button_one_text_color__hover_enabled=\u00bboff\u00bb button_two_text_color__hover_enabled=\u00bboff\u00bb button_border_width__hover_enabled=\u00bboff\u00bb button_one_border_width__hover_enabled=\u00bboff\u00bb button_two_border_width__hover_enabled=\u00bboff\u00bb button_border_color__hover_enabled=\u00bboff\u00bb button_one_border_color__hover_enabled=\u00bboff\u00bb button_two_border_color__hover_enabled=\u00bboff\u00bb button_border_radius__hover_enabled=\u00bboff\u00bb button_one_border_radius__hover_enabled=\u00bboff\u00bb button_two_border_radius__hover_enabled=\u00bboff\u00bb button_letter_spacing__hover_enabled=\u00bboff\u00bb button_one_letter_spacing__hover_enabled=\u00bboff\u00bb button_two_letter_spacing__hover_enabled=\u00bboff\u00bb button_bg_color__hover_enabled=\u00bboff\u00bb button_one_bg_color__hover_enabled=\u00bboff\u00bb button_two_bg_color__hover_enabled=\u00bboff\u00bb][\/et_pb_contact_field][et_pb_contact_field field_id=\u00bbMessage\u00bb field_title=\u00bbMessage\u00bb field_type=\u00bbtext\u00bb fullwidth_field=\u00bbon\u00bb _builder_version=\u00bb4.16&#8243; global_colors_info=\u00bb{}\u00bb button_text_size__hover_enabled=\u00bboff\u00bb button_one_text_size__hover_enabled=\u00bboff\u00bb button_two_text_size__hover_enabled=\u00bboff\u00bb button_text_color__hover_enabled=\u00bboff\u00bb button_one_text_color__hover_enabled=\u00bboff\u00bb button_two_text_color__hover_enabled=\u00bboff\u00bb button_border_width__hover_enabled=\u00bboff\u00bb button_one_border_width__hover_enabled=\u00bboff\u00bb button_two_border_width__hover_enabled=\u00bboff\u00bb button_border_color__hover_enabled=\u00bboff\u00bb button_one_border_color__hover_enabled=\u00bboff\u00bb button_two_border_color__hover_enabled=\u00bboff\u00bb button_border_radius__hover_enabled=\u00bboff\u00bb button_one_border_radius__hover_enabled=\u00bboff\u00bb button_two_border_radius__hover_enabled=\u00bboff\u00bb button_letter_spacing__hover_enabled=\u00bboff\u00bb button_one_letter_spacing__hover_enabled=\u00bboff\u00bb button_two_letter_spacing__hover_enabled=\u00bboff\u00bb button_bg_color__hover_enabled=\u00bboff\u00bb button_one_bg_color__hover_enabled=\u00bboff\u00bb button_two_bg_color__hover_enabled=\u00bboff\u00bb][\/et_pb_contact_field][et_pb_contact_field field_id=\u00bbaceptacion\u00bb field_title=\u00bb \u00bb field_type=\u00bbcheckbox\u00bb checkbox_options=\u00bb%91{%22value%22:%22 Acepto el %22,%22checked%22:0,%22dragID%22:-1,%22link_url%22:%22https:\/\/thebell.es\/aviso-legal\/%22,%22link_text%22:%22Aviso Legal%22},{%22value%22:%22Acepto la %22,%22checked%22:0,%22dragID%22:0,%22link_url%22:%22https:\/\/thebell.es\/politica-de-privacidad\/%22,%22link_text%22:%22Pol\u00edtica de Privacidad%22}%93&#8243; fullwidth_field=\u00bbon\u00bb _builder_version=\u00bb4.25.0&#8243; _module_preset=\u00bbdefault\u00bb global_colors_info=\u00bb{}\u00bb][\/et_pb_contact_field][\/et_pb_contact_form][\/et_pb_column][et_pb_column type=\u00bb1_4&#8243; _builder_version=\u00bb4.25.0&#8243; _module_preset=\u00bbdefault\u00bb global_colors_info=\u00bb{}\u00bb][\/et_pb_column][\/et_pb_row][\/et_pb_section]<\/p>","protected":false},"excerpt":{"rendered":"<p>KidsEn The Bell utilizamos distintas metodolog\u00edas en funci\u00f3n de la edad y nivel de los alumnos. En infantil y primaria nuestras clases de ingles tienen un enfoque l\u00fadico, con clases dise\u00f1adas para que los ni\u00f1os aprendan el idioma de una manera natural, espont\u00e1nea y divertida. Durante esta etapa escolar las clases est\u00e1n enfocadas en la [&hellip;]<\/p>","protected":false},"author":2,"featured_media":0,"parent":0,"menu_order":0,"comment_status":"closed","ping_status":"closed","template":"","meta":{"_et_pb_use_builder":"on","_et_pb_old_content":"","_et_gb_content_width":"","footnotes":""},"class_list":["post-383","page","type-page","status-publish","hentry"],"yoast_head":"<!-- This site is optimized with the Yoast SEO plugin v26.1.1 - https:\/\/yoast.com\/wordpress\/plugins\/seo\/ -->\n<title>Clases para ni\u00f1os y ni\u00f1as - The Bell<\/title>\n<meta name=\"robots\" content=\"index, follow, max-snippet:-1, max-image-preview:large, max-video-preview:-1\" \/>\n<link rel=\"canonical\" href=\"https:\/\/thebell.es\/en\/kids\/\" \/>\n<meta property=\"og:locale\" content=\"en_GB\" \/>\n<meta property=\"og:type\" content=\"article\" \/>\n<meta property=\"og:title\" content=\"Clases para ni\u00f1os y ni\u00f1as - The Bell\" \/>\n<meta property=\"og:description\" content=\"KidsEn The Bell utilizamos distintas metodolog\u00edas en funci\u00f3n de la edad y nivel de los alumnos. En infantil y primaria nuestras clases de ingles tienen un enfoque l\u00fadico, con clases dise\u00f1adas para que los ni\u00f1os aprendan el idioma de una manera natural, espont\u00e1nea y divertida. Durante esta etapa escolar las clases est\u00e1n enfocadas en la [&hellip;]\" \/>\n<meta property=\"og:url\" content=\"https:\/\/thebell.es\/en\/kids\/\" \/>\n<meta property=\"og:site_name\" content=\"The Bell\" \/>\n<meta property=\"article:modified_time\" content=\"2025-01-02T11:36:33+00:00\" \/>\n<meta name=\"twitter:card\" content=\"summary_large_image\" \/>\n<script type=\"application\/ld+json\" class=\"yoast-schema-graph\">{\"@context\":\"https:\/\/schema.org\",\"@graph\":[{\"@type\":\"WebPage\",\"@id\":\"https:\/\/thebell.es\/kids\/\",\"url\":\"https:\/\/thebell.es\/kids\/\",\"name\":\"Clases para ni\u00f1os y ni\u00f1as - The Bell\",\"isPartOf\":{\"@id\":\"https:\/\/thebell.es\/#website\"},\"datePublished\":\"2024-07-22T09:42:53+00:00\",\"dateModified\":\"2025-01-02T11:36:33+00:00\",\"breadcrumb\":{\"@id\":\"https:\/\/thebell.es\/kids\/#breadcrumb\"},\"inLanguage\":\"en-GB\",\"potentialAction\":[{\"@type\":\"ReadAction\",\"target\":[\"https:\/\/thebell.es\/kids\/\"]}]},{\"@type\":\"BreadcrumbList\",\"@id\":\"https:\/\/thebell.es\/kids\/#breadcrumb\",\"itemListElement\":[{\"@type\":\"ListItem\",\"position\":1,\"name\":\"Portada\",\"item\":\"https:\/\/thebell.es\/\"},{\"@type\":\"ListItem\",\"position\":2,\"name\":\"Clases para ni\u00f1os y ni\u00f1as\"}]},{\"@type\":\"WebSite\",\"@id\":\"https:\/\/thebell.es\/#website\",\"url\":\"https:\/\/thebell.es\/\",\"name\":\"The Bell\",\"description\":\"Centro de ingl\u00e9s. Juega, aprende y crece con nosotros\",\"potentialAction\":[{\"@type\":\"SearchAction\",\"target\":{\"@type\":\"EntryPoint\",\"urlTemplate\":\"https:\/\/thebell.es\/?s={search_term_string}\"},\"query-input\":{\"@type\":\"PropertyValueSpecification\",\"valueRequired\":true,\"valueName\":\"search_term_string\"}}],\"inLanguage\":\"en-GB\"}]}<\/script>\n<!-- \/ Yoast SEO plugin. -->","yoast_head_json":{"title":"Clases para ni\u00f1os y ni\u00f1as - The Bell","robots":{"index":"index","follow":"follow","max-snippet":"max-snippet:-1","max-image-preview":"max-image-preview:large","max-video-preview":"max-video-preview:-1"},"canonical":"https:\/\/thebell.es\/en\/kids\/","og_locale":"en_GB","og_type":"article","og_title":"Clases para ni\u00f1os y ni\u00f1as - The Bell","og_description":"KidsEn The Bell utilizamos distintas metodolog\u00edas en funci\u00f3n de la edad y nivel de los alumnos. En infantil y primaria nuestras clases de ingles tienen un enfoque l\u00fadico, con clases dise\u00f1adas para que los ni\u00f1os aprendan el idioma de una manera natural, espont\u00e1nea y divertida. Durante esta etapa escolar las clases est\u00e1n enfocadas en la [&hellip;]","og_url":"https:\/\/thebell.es\/en\/kids\/","og_site_name":"The Bell","article_modified_time":"2025-01-02T11:36:33+00:00","twitter_card":"summary_large_image","schema":{"@context":"https:\/\/schema.org","@graph":[{"@type":"WebPage","@id":"https:\/\/thebell.es\/kids\/","url":"https:\/\/thebell.es\/kids\/","name":"Clases para ni\u00f1os y ni\u00f1as - The Bell","isPartOf":{"@id":"https:\/\/thebell.es\/#website"},"datePublished":"2024-07-22T09:42:53+00:00","dateModified":"2025-01-02T11:36:33+00:00","breadcrumb":{"@id":"https:\/\/thebell.es\/kids\/#breadcrumb"},"inLanguage":"en-GB","potentialAction":[{"@type":"ReadAction","target":["https:\/\/thebell.es\/kids\/"]}]},{"@type":"BreadcrumbList","@id":"https:\/\/thebell.es\/kids\/#breadcrumb","itemListElement":[{"@type":"ListItem","position":1,"name":"Portada","item":"https:\/\/thebell.es\/"},{"@type":"ListItem","position":2,"name":"Clases para ni\u00f1os y ni\u00f1as"}]},{"@type":"WebSite","@id":"https:\/\/thebell.es\/#website","url":"https:\/\/thebell.es\/","name":"The Bell","description":"Centro de ingl\u00e9s. Juega, aprende y crece con nosotros","potentialAction":[{"@type":"SearchAction","target":{"@type":"EntryPoint","urlTemplate":"https:\/\/thebell.es\/?s={search_term_string}"},"query-input":{"@type":"PropertyValueSpecification","valueRequired":true,"valueName":"search_term_string"}}],"inLanguage":"en-GB"}]}},"_links":{"self":[{"href":"https:\/\/thebell.es\/en\/wp-json\/wp\/v2\/pages\/383","targetHints":{"allow":["GET"]}}],"collection":[{"href":"https:\/\/thebell.es\/en\/wp-json\/wp\/v2\/pages"}],"about":[{"href":"https:\/\/thebell.es\/en\/wp-json\/wp\/v2\/types\/page"}],"author":[{"embeddable":true,"href":"https:\/\/thebell.es\/en\/wp-json\/wp\/v2\/users\/2"}],"replies":[{"embeddable":true,"href":"https:\/\/thebell.es\/en\/wp-json\/wp\/v2\/comments?post=383"}],"version-history":[{"count":8,"href":"https:\/\/thebell.es\/en\/wp-json\/wp\/v2\/pages\/383\/revisions"}],"predecessor-version":[{"id":757,"href":"https:\/\/thebell.es\/en\/wp-json\/wp\/v2\/pages\/383\/revisions\/757"}],"wp:attachment":[{"href":"https:\/\/thebell.es\/en\/wp-json\/wp\/v2\/media?parent=383"}],"curies":[{"name":"wp","href":"https:\/\/api.w.org\/{rel}","templated":true}]}}