{"id":400,"date":"2024-07-22T09:57:05","date_gmt":"2024-07-22T09:57:05","guid":{"rendered":"https:\/\/thebell.es\/?page_id=400"},"modified":"2024-08-27T01:40:18","modified_gmt":"2024-08-27T01:40:18","slug":"empresas","status":"publish","type":"page","link":"https:\/\/thebell.es\/en\/empresas\/","title":{"rendered":"Companies"},"content":{"rendered":"<p>[et_pb_section fb_built=\u00bb1&#8243; prev_background_color=\u00bb#FFFFFF\u00bb next_background_color=\u00bb#ffffff\u00bb admin_label=\u00bbSchedule\u00bb _builder_version=\u00bb4.27.0&#8243; _module_preset=\u00bbdefault\u00bb background_color=\u00bb#FFFFFF\u00bb background_image=\u00bbhttps:\/\/thebell.es\/wp-content\/uploads\/2024\/08\/2.png\u00bb background_position=\u00bbtop_center\u00bb custom_margin=\u00bb50px||50px||true|false\u00bb custom_padding=\u00bb100px||100px||true|false\u00bb top_divider_style=\u00bbclouds2&#8243; bottom_divider_style=\u00bbclouds2&#8243; bottom_divider_flip=\u00bbvertical\u00bb hover_enabled=\u00bb0&#8243; global_colors_info=\u00bb{}\u00bb theme_builder_area=\u00bbpost_content\u00bb title_text=\u00bb2&#8243; sticky_enabled=\u00bb0&#8243;][et_pb_row column_structure=\u00bb1_2,1_2&#8243; _builder_version=\u00bb4.25.0&#8243; _module_preset=\u00bbdefault\u00bb hover_enabled=\u00bb0&#8243; global_colors_info=\u00bb{}\u00bb theme_builder_area=\u00bbpost_content\u00bb sticky_enabled=\u00bb0&#8243;][et_pb_column type=\u00bb1_2&#8243; _builder_version=\u00bb4.25.0&#8243; _module_preset=\u00bbdefault\u00bb custom_padding_tablet=\u00bb|50px||50px|true|true\u00bb custom_padding_phone=\u00bb|30px||30px|true|true\u00bb custom_padding_last_edited=\u00bboff|desktop\u00bb background_size_tablet=\u00bbcover\u00bb global_colors_info=\u00bb{}\u00bb theme_builder_area=\u00bbpost_content\u00bb][et_pb_text _builder_version=\u00bb4.25.0&#8243; _module_preset=\u00bbafb1dec1-36d3-48b4-b948-7f883a70586c\u00bb header_font=\u00bbBarriecito||||||||\u00bb header_text_align=\u00bbcenter\u00bb header_2_font=\u00bbBarriecito||||||||\u00bb header_2_font_size=\u00bb26px\u00bb custom_margin=\u00bb2px||2px||true|false\u00bb locked=\u00bboff\u00bb global_colors_info=\u00bb{}\u00bb theme_builder_area=\u00bbpost_content\u00bb]<\/p>\n<h1>Companies<\/h1>\n<p>[\/et_pb_text][et_pb_image src=\u00bbhttps:\/\/thebell.es\/wp-content\/uploads\/2024\/05\/online-classroom-09.png\u00bb title_text=\u00bbonline-classroom-09&#8243; align=\u00bbcenter\u00bb _builder_version=\u00bb4.16&#8243; _module_preset=\u00bbdefault\u00bb global_colors_info=\u00bb{}\u00bb theme_builder_area=\u00bbpost_content\u00bb][\/et_pb_image][et_pb_text _builder_version=\u00bb4.27.0&#8243; _module_preset=\u00bbafb1dec1-36d3-48b4-b948-7f883a70586c\u00bb text_font_size=\u00bb15px\u00bb header_font=\u00bbBarriecito||||||||\u00bb header_2_font=\u00bbBarriecito||||||||\u00bb header_2_font_size=\u00bb26px\u00bb custom_margin=\u00bb0px||0px||true|false\u00bb text_font_size_phone=\u00bb18px\u00bb locked=\u00bboff\u00bb global_colors_info=\u00bb{}\u00bb theme_builder_area=\u00bbpost_content\u00bb]<\/p>\n<p>We have been working for years with various companies in Huesca, providing English classes to their teams. If you are interested in working with us, you can contact us via email at <a href=\"mailto:info@thebell.es\">info@thebell.es<\/a> or telephone: 622 135 852<\/p>\n<p>[\/et_pb_text][\/et_pb_column][et_pb_column type=\u00bb1_2&#8243; _builder_version=\u00bb4.25.0&#8243; _module_preset=\u00bbdefault\u00bb global_colors_info=\u00bb{}\u00bb theme_builder_area=\u00bbpost_content\u00bb][et_pb_image src=\u00bbhttps:\/\/thebell.es\/wp-content\/uploads\/2024\/07\/the-climate-reality-project-Hb6uWq0i4MI-unsplash.jpg\u00bb alt=\u00bbclases para empresas the bell\u00bb title_text=\u00bbthe-climate-reality-project-Hb6uWq0i4MI-unsplash\u00bb _builder_version=\u00bb4.25.0&#8243; _module_preset=\u00bbdefault\u00bb border_radii=\u00bboff|20px|20px|20px|20px\u00bb global_colors_info=\u00bb{}\u00bb theme_builder_area=\u00bbpost_content\u00bb][\/et_pb_image][\/et_pb_column][\/et_pb_row][\/et_pb_section][et_pb_section fb_built=\u00bb1&#8243; prev_background_color=\u00bb#FFFFFF\u00bb next_background_color=\u00bb#ffffff\u00bb admin_label=\u00bbFeature\u00bb _builder_version=\u00bb4.27.0&#8243; _module_preset=\u00bbdefault\u00bb background_image=\u00bbhttps:\/\/thebell.es\/wp-content\/uploads\/2024\/05\/Image-9b.png\u00bb background_position=\u00bbtop_left\u00bb background_horizontal_offset=\u00bb2%\u00bb min_height=\u00bb938.4px\u00bb custom_margin=\u00bb50px||50px||true|false\u00bb top_divider_style=\u00bbclouds2&#8243; bottom_divider_style=\u00bbclouds2&#8243; bottom_divider_flip=\u00bbvertical\u00bb global_module=\u00bb367&#8243; saved_tabs=\u00bball\u00bb global_colors_info=\u00bb{}\u00bb][et_pb_row column_structure=\u00bb1_4,1_2,1_4&#8243; module_id=\u00bbcontacto\u00bb _builder_version=\u00bb4.25.0&#8243; _module_preset=\u00bbdefault\u00bb width=\u00bb100%\u00bb max_width=\u00bb100%\u00bb custom_margin=\u00bb5vh||||false|false\u00bb global_colors_info=\u00bb{}\u00bb][et_pb_column type=\u00bb1_4&#8243; _builder_version=\u00bb4.25.0&#8243; _module_preset=\u00bbdefault\u00bb global_colors_info=\u00bb{}\u00bb][et_pb_image src=\u00bbhttps:\/\/thebell.es\/wp-content\/uploads\/2024\/05\/IMG_0831.png\u00bb title_text=\u00bbIMG_0831&#8243; _builder_version=\u00bb4.25.0&#8243; _module_preset=\u00bbdefault\u00bb custom_margin=\u00bb10vh||||false|false\u00bb global_colors_info=\u00bb{}\u00bb][\/et_pb_image][\/et_pb_column][et_pb_column type=\u00bb1_2&#8243; _builder_version=\u00bb4.25.0&#8243; _module_preset=\u00bbdefault\u00bb global_colors_info=\u00bb{}\u00bb][et_pb_text module_id=\u00bbcontacto\u00bb _builder_version=\u00bb4.25.0&#8243; _module_preset=\u00bba14a3070-0f27-4166-b303-92f53a7af324&#8243; header_2_font=\u00bbBarriecito||||||||\u00bb header_2_text_align=\u00bbcenter\u00bb header_2_text_color=\u00bb#000000&#8243; header_2_font_size=\u00bb42px\u00bb header_2_line_height=\u00bb1.2em\u00bb module_alignment=\u00bbleft\u00bb header_2_font_size_tablet=\u00bb30px\u00bb header_2_font_size_phone=\u00bb20px\u00bb header_2_font_size_last_edited=\u00bbon|tablet\u00bb inline_fonts=\u00bbBarriecito\u00bb global_colors_info=\u00bb{}\u00bb]<\/p>\n<h2>Need more info?<\/h2>\n<p>[\/et_pb_text][et_pb_blurb title=\u00bbinfo@thebell.es\u00bb use_icon=\u00bbon\u00bb font_icon=\u00bb&#xe076;||divi||400&#8243; icon_color=\u00bb#000000&#8243; icon_placement=\u00bbleft\u00bb image_icon_width=\u00bb30px\u00bb content_max_width=\u00bb100%\u00bb _builder_version=\u00bb4.27.0&#8243; _module_preset=\u00bbdefault\u00bb body_font=\u00bbMontserrat|500|||||||\u00bb body_text_color=\u00bb#000000&#8243; body_font_size=\u00bb16px\u00bb body_line_height=\u00bb1.2em\u00bb body_link_text_color=\u00bb#2a2a2a\u00bb max_width=\u00bb510px\u00bb custom_margin=\u00bb20px|||0px|false|false\u00bb custom_margin_tablet=\u00bb\u00bb custom_margin_phone=\u00bb|||100px|false|false\u00bb custom_margin_last_edited=\u00bbon|phone\u00bb animation=\u00bboff\u00bb icon_font_size=\u00bb16px\u00bb global_colors_info=\u00bb{}\u00bb][\/et_pb_blurb][et_pb_blurb title=\u00bb622 135 822&#8243; use_icon=\u00bbon\u00bb font_icon=\u00bb&#xe090;||divi||400&#8243; icon_color=\u00bb#000000&#8243; icon_placement=\u00bbleft\u00bb image_icon_width=\u00bb30px\u00bb content_max_width=\u00bb100%\u00bb _builder_version=\u00bb4.27.0&#8243; _module_preset=\u00bbdefault\u00bb body_font=\u00bbMontserrat|500|||||||\u00bb body_text_color=\u00bb#000000&#8243; body_font_size=\u00bb16px\u00bb body_line_height=\u00bb1.2em\u00bb body_link_text_color=\u00bb#2a2a2a\u00bb max_width=\u00bb510px\u00bb custom_margin=\u00bb20px|||0px|false|false\u00bb custom_margin_tablet=\u00bb\u00bb custom_margin_phone=\u00bb|||100px|false|false\u00bb custom_margin_last_edited=\u00bbon|phone\u00bb animation=\u00bboff\u00bb icon_font_size=\u00bb16px\u00bb global_colors_info=\u00bb{}\u00bb][\/et_pb_blurb][et_pb_contact_form email=\u00bbinfo@thebell.es\u00bb custom_message=\u00bbUn correo recibido de: %%name%%||et_pb_line_break_holder||Su direcci\u00f3n es: %%email%%||et_pb_line_break_holder||El mensajes es: %%Message%%\u00bb _builder_version=\u00bb4.27.0&#8243; _module_preset=\u00bbdefault\u00bb form_field_background_color=\u00bbRGBA(0,0,0,0)\u00bb form_field_text_color=\u00bb#2a2a2a\u00bb form_field_font=\u00bbMontserrat|500|||||||\u00bb form_field_text_align=\u00bbleft\u00bb form_field_font_size=\u00bb14px\u00bb form_field_line_height=\u00bb1.8em\u00bb background_color=\u00bbrgba(255,255,255,0.82)\u00bb custom_button=\u00bbon\u00bb button_text_size=\u00bb18px\u00bb button_text_color=\u00bb#FFFFFF\u00bb button_bg_color=\u00bb#000000&#8243; button_border_width=\u00bb0px\u00bb button_border_radius=\u00bb0px\u00bb button_font=\u00bbCandal||||||||\u00bb button_icon=\u00bb&#x45;||divi||400&#8243; button_custom_padding=\u00bb15px|40px|15px|40px|true|true\u00bb custom_margin=\u00bb20px||||false|false\u00bb custom_padding=\u00bb50px|50px|50px|50px|true|true\u00bb form_field_font_size_tablet=\u00bb15px\u00bb form_field_font_size_phone=\u00bb14px\u00bb form_field_font_size_last_edited=\u00bboff|desktop\u00bb button_text_size_tablet=\u00bb16px\u00bb button_text_size_phone=\u00bb14px\u00bb button_text_size_last_edited=\u00bbon|phone\u00bb border_radii=\u00bbon|10px|10px|10px|10px\u00bb border_width_all=\u00bb1px\u00bb border_style_all=\u00bbdashed\u00bb global_colors_info=\u00bb{}\u00bb][et_pb_contact_field field_id=\u00bbName\u00bb field_title=\u00bbName\u00bb fullwidth_field=\u00bbon\u00bb _builder_version=\u00bb4.16&#8243; global_colors_info=\u00bb{}\u00bb button_text_size__hover_enabled=\u00bboff\u00bb button_one_text_size__hover_enabled=\u00bboff\u00bb button_two_text_size__hover_enabled=\u00bboff\u00bb button_text_color__hover_enabled=\u00bboff\u00bb button_one_text_color__hover_enabled=\u00bboff\u00bb button_two_text_color__hover_enabled=\u00bboff\u00bb button_border_width__hover_enabled=\u00bboff\u00bb button_one_border_width__hover_enabled=\u00bboff\u00bb button_two_border_width__hover_enabled=\u00bboff\u00bb button_border_color__hover_enabled=\u00bboff\u00bb button_one_border_color__hover_enabled=\u00bboff\u00bb button_two_border_color__hover_enabled=\u00bboff\u00bb button_border_radius__hover_enabled=\u00bboff\u00bb button_one_border_radius__hover_enabled=\u00bboff\u00bb button_two_border_radius__hover_enabled=\u00bboff\u00bb button_letter_spacing__hover_enabled=\u00bboff\u00bb button_one_letter_spacing__hover_enabled=\u00bboff\u00bb button_two_letter_spacing__hover_enabled=\u00bboff\u00bb button_bg_color__hover_enabled=\u00bboff\u00bb button_one_bg_color__hover_enabled=\u00bboff\u00bb button_two_bg_color__hover_enabled=\u00bboff\u00bb][\/et_pb_contact_field][et_pb_contact_field field_id=\u00bbEmail\u00bb field_title=\u00bbEmail Address\u00bb field_type=\u00bbemail\u00bb fullwidth_field=\u00bbon\u00bb _builder_version=\u00bb4.16&#8243; global_colors_info=\u00bb{}\u00bb button_text_size__hover_enabled=\u00bboff\u00bb button_one_text_size__hover_enabled=\u00bboff\u00bb button_two_text_size__hover_enabled=\u00bboff\u00bb button_text_color__hover_enabled=\u00bboff\u00bb button_one_text_color__hover_enabled=\u00bboff\u00bb button_two_text_color__hover_enabled=\u00bboff\u00bb button_border_width__hover_enabled=\u00bboff\u00bb button_one_border_width__hover_enabled=\u00bboff\u00bb button_two_border_width__hover_enabled=\u00bboff\u00bb button_border_color__hover_enabled=\u00bboff\u00bb button_one_border_color__hover_enabled=\u00bboff\u00bb button_two_border_color__hover_enabled=\u00bboff\u00bb button_border_radius__hover_enabled=\u00bboff\u00bb button_one_border_radius__hover_enabled=\u00bboff\u00bb button_two_border_radius__hover_enabled=\u00bboff\u00bb button_letter_spacing__hover_enabled=\u00bboff\u00bb button_one_letter_spacing__hover_enabled=\u00bboff\u00bb button_two_letter_spacing__hover_enabled=\u00bboff\u00bb button_bg_color__hover_enabled=\u00bboff\u00bb button_one_bg_color__hover_enabled=\u00bboff\u00bb button_two_bg_color__hover_enabled=\u00bboff\u00bb][\/et_pb_contact_field][et_pb_contact_field field_id=\u00bbMessage\u00bb field_title=\u00bbMessage\u00bb field_type=\u00bbtext\u00bb fullwidth_field=\u00bbon\u00bb _builder_version=\u00bb4.16&#8243; global_colors_info=\u00bb{}\u00bb button_text_size__hover_enabled=\u00bboff\u00bb button_one_text_size__hover_enabled=\u00bboff\u00bb button_two_text_size__hover_enabled=\u00bboff\u00bb button_text_color__hover_enabled=\u00bboff\u00bb button_one_text_color__hover_enabled=\u00bboff\u00bb button_two_text_color__hover_enabled=\u00bboff\u00bb button_border_width__hover_enabled=\u00bboff\u00bb button_one_border_width__hover_enabled=\u00bboff\u00bb button_two_border_width__hover_enabled=\u00bboff\u00bb button_border_color__hover_enabled=\u00bboff\u00bb button_one_border_color__hover_enabled=\u00bboff\u00bb button_two_border_color__hover_enabled=\u00bboff\u00bb button_border_radius__hover_enabled=\u00bboff\u00bb button_one_border_radius__hover_enabled=\u00bboff\u00bb button_two_border_radius__hover_enabled=\u00bboff\u00bb button_letter_spacing__hover_enabled=\u00bboff\u00bb button_one_letter_spacing__hover_enabled=\u00bboff\u00bb button_two_letter_spacing__hover_enabled=\u00bboff\u00bb button_bg_color__hover_enabled=\u00bboff\u00bb button_one_bg_color__hover_enabled=\u00bboff\u00bb button_two_bg_color__hover_enabled=\u00bboff\u00bb][\/et_pb_contact_field][et_pb_contact_field field_id=\u00bbaceptacion\u00bb field_title=\u00bb \u00bb field_type=\u00bbcheckbox\u00bb checkbox_options=\u00bb%91{%22value%22:%22 Acepto el %22,%22checked%22:0,%22dragID%22:-1,%22link_url%22:%22https:\/\/thebell.es\/aviso-legal\/%22,%22link_text%22:%22Aviso Legal%22},{%22value%22:%22Acepto la %22,%22checked%22:0,%22dragID%22:0,%22link_url%22:%22https:\/\/thebell.es\/politica-de-privacidad\/%22,%22link_text%22:%22Pol\u00edtica de Privacidad%22}%93&#8243; fullwidth_field=\u00bbon\u00bb _builder_version=\u00bb4.25.0&#8243; _module_preset=\u00bbdefault\u00bb global_colors_info=\u00bb{}\u00bb][\/et_pb_contact_field][\/et_pb_contact_form][\/et_pb_column][et_pb_column type=\u00bb1_4&#8243; _builder_version=\u00bb4.25.0&#8243; _module_preset=\u00bbdefault\u00bb global_colors_info=\u00bb{}\u00bb][\/et_pb_column][\/et_pb_row][\/et_pb_section]<\/p>","protected":false},"excerpt":{"rendered":"<p>EmpresasLlevamos a\u00f1os trabajando con varias empresas de Huesca impartiendo clases de ingles a sus equipos. Si os interesa trabajar con nosotros pod\u00e9is contactar con nosotros por correo electr\u00f3nico a info@thebell.es o tel\u00e9fono: 622 135 852\u00bfNecesitas m\u00e1s informaci\u00f3n?<\/p>","protected":false},"author":2,"featured_media":0,"parent":0,"menu_order":0,"comment_status":"closed","ping_status":"closed","template":"","meta":{"_et_pb_use_builder":"on","_et_pb_old_content":"<!-- wp:divi\/placeholder \/-->","_et_gb_content_width":"","footnotes":""},"class_list":["post-400","page","type-page","status-publish","hentry"],"yoast_head":"<!-- This site is optimized with the Yoast SEO plugin v26.1.1 - https:\/\/yoast.com\/wordpress\/plugins\/seo\/ -->\n<title>Empresas - The Bell<\/title>\n<meta name=\"robots\" content=\"index, follow, max-snippet:-1, max-image-preview:large, max-video-preview:-1\" \/>\n<link rel=\"canonical\" href=\"https:\/\/thebell.es\/en\/empresas\/\" \/>\n<meta property=\"og:locale\" content=\"en_GB\" \/>\n<meta property=\"og:type\" content=\"article\" \/>\n<meta property=\"og:title\" content=\"Empresas - The Bell\" \/>\n<meta property=\"og:description\" content=\"EmpresasLlevamos a\u00f1os trabajando con varias empresas de Huesca impartiendo clases de ingles a sus equipos. Si os interesa trabajar con nosotros pod\u00e9is contactar con nosotros por correo electr\u00f3nico a info@thebell.es o tel\u00e9fono: 622 135 852\u00bfNecesitas m\u00e1s informaci\u00f3n?\" \/>\n<meta property=\"og:url\" content=\"https:\/\/thebell.es\/en\/empresas\/\" \/>\n<meta property=\"og:site_name\" content=\"The Bell\" \/>\n<meta property=\"article:modified_time\" content=\"2024-08-27T01:40:18+00:00\" \/>\n<meta name=\"twitter:card\" content=\"summary_large_image\" \/>\n<script type=\"application\/ld+json\" class=\"yoast-schema-graph\">{\"@context\":\"https:\/\/schema.org\",\"@graph\":[{\"@type\":\"WebPage\",\"@id\":\"https:\/\/thebell.es\/empresas\/\",\"url\":\"https:\/\/thebell.es\/empresas\/\",\"name\":\"Empresas - The Bell\",\"isPartOf\":{\"@id\":\"https:\/\/thebell.es\/#website\"},\"datePublished\":\"2024-07-22T09:57:05+00:00\",\"dateModified\":\"2024-08-27T01:40:18+00:00\",\"breadcrumb\":{\"@id\":\"https:\/\/thebell.es\/empresas\/#breadcrumb\"},\"inLanguage\":\"en-GB\",\"potentialAction\":[{\"@type\":\"ReadAction\",\"target\":[\"https:\/\/thebell.es\/empresas\/\"]}]},{\"@type\":\"BreadcrumbList\",\"@id\":\"https:\/\/thebell.es\/empresas\/#breadcrumb\",\"itemListElement\":[{\"@type\":\"ListItem\",\"position\":1,\"name\":\"Portada\",\"item\":\"https:\/\/thebell.es\/\"},{\"@type\":\"ListItem\",\"position\":2,\"name\":\"Empresas\"}]},{\"@type\":\"WebSite\",\"@id\":\"https:\/\/thebell.es\/#website\",\"url\":\"https:\/\/thebell.es\/\",\"name\":\"The Bell\",\"description\":\"Centro de ingl\u00e9s. Juega, aprende y crece con nosotros\",\"potentialAction\":[{\"@type\":\"SearchAction\",\"target\":{\"@type\":\"EntryPoint\",\"urlTemplate\":\"https:\/\/thebell.es\/?s={search_term_string}\"},\"query-input\":{\"@type\":\"PropertyValueSpecification\",\"valueRequired\":true,\"valueName\":\"search_term_string\"}}],\"inLanguage\":\"en-GB\"}]}<\/script>\n<!-- \/ Yoast SEO plugin. -->","yoast_head_json":{"title":"Empresas - The Bell","robots":{"index":"index","follow":"follow","max-snippet":"max-snippet:-1","max-image-preview":"max-image-preview:large","max-video-preview":"max-video-preview:-1"},"canonical":"https:\/\/thebell.es\/en\/empresas\/","og_locale":"en_GB","og_type":"article","og_title":"Empresas - The Bell","og_description":"EmpresasLlevamos a\u00f1os trabajando con varias empresas de Huesca impartiendo clases de ingles a sus equipos. Si os interesa trabajar con nosotros pod\u00e9is contactar con nosotros por correo electr\u00f3nico a info@thebell.es o tel\u00e9fono: 622 135 852\u00bfNecesitas m\u00e1s informaci\u00f3n?","og_url":"https:\/\/thebell.es\/en\/empresas\/","og_site_name":"The Bell","article_modified_time":"2024-08-27T01:40:18+00:00","twitter_card":"summary_large_image","schema":{"@context":"https:\/\/schema.org","@graph":[{"@type":"WebPage","@id":"https:\/\/thebell.es\/empresas\/","url":"https:\/\/thebell.es\/empresas\/","name":"Empresas - The Bell","isPartOf":{"@id":"https:\/\/thebell.es\/#website"},"datePublished":"2024-07-22T09:57:05+00:00","dateModified":"2024-08-27T01:40:18+00:00","breadcrumb":{"@id":"https:\/\/thebell.es\/empresas\/#breadcrumb"},"inLanguage":"en-GB","potentialAction":[{"@type":"ReadAction","target":["https:\/\/thebell.es\/empresas\/"]}]},{"@type":"BreadcrumbList","@id":"https:\/\/thebell.es\/empresas\/#breadcrumb","itemListElement":[{"@type":"ListItem","position":1,"name":"Portada","item":"https:\/\/thebell.es\/"},{"@type":"ListItem","position":2,"name":"Empresas"}]},{"@type":"WebSite","@id":"https:\/\/thebell.es\/#website","url":"https:\/\/thebell.es\/","name":"The Bell","description":"Centro de ingl\u00e9s. Juega, aprende y crece con nosotros","potentialAction":[{"@type":"SearchAction","target":{"@type":"EntryPoint","urlTemplate":"https:\/\/thebell.es\/?s={search_term_string}"},"query-input":{"@type":"PropertyValueSpecification","valueRequired":true,"valueName":"search_term_string"}}],"inLanguage":"en-GB"}]}},"_links":{"self":[{"href":"https:\/\/thebell.es\/en\/wp-json\/wp\/v2\/pages\/400","targetHints":{"allow":["GET"]}}],"collection":[{"href":"https:\/\/thebell.es\/en\/wp-json\/wp\/v2\/pages"}],"about":[{"href":"https:\/\/thebell.es\/en\/wp-json\/wp\/v2\/types\/page"}],"author":[{"embeddable":true,"href":"https:\/\/thebell.es\/en\/wp-json\/wp\/v2\/users\/2"}],"replies":[{"embeddable":true,"href":"https:\/\/thebell.es\/en\/wp-json\/wp\/v2\/comments?post=400"}],"version-history":[{"count":18,"href":"https:\/\/thebell.es\/en\/wp-json\/wp\/v2\/pages\/400\/revisions"}],"predecessor-version":[{"id":710,"href":"https:\/\/thebell.es\/en\/wp-json\/wp\/v2\/pages\/400\/revisions\/710"}],"wp:attachment":[{"href":"https:\/\/thebell.es\/en\/wp-json\/wp\/v2\/media?parent=400"}],"curies":[{"name":"wp","href":"https:\/\/api.w.org\/{rel}","templated":true}]}}