{"id":508,"date":"2024-07-26T13:28:17","date_gmt":"2024-07-26T13:28:17","guid":{"rendered":"https:\/\/thebell.es\/?page_id=508"},"modified":"2024-09-26T07:08:41","modified_gmt":"2024-09-26T07:08:41","slug":"accesibilidad","status":"publish","type":"page","link":"https:\/\/thebell.es\/en\/accesibilidad\/","title":{"rendered":"Accesibilidad"},"content":{"rendered":"<p>[et_pb_section fb_built=\u00bb1&#8243; theme_builder_area=\u00bbpost_content\u00bb _builder_version=\u00bb4.27.0&#8243; _module_preset=\u00bbdefault\u00bb][et_pb_row _builder_version=\u00bb4.27.0&#8243; _module_preset=\u00bbdefault\u00bb theme_builder_area=\u00bbpost_content\u00bb][et_pb_column _builder_version=\u00bb4.27.0&#8243; _module_preset=\u00bbdefault\u00bb type=\u00bb4_4&#8243; theme_builder_area=\u00bbpost_content\u00bb][et_pb_text _builder_version=\u00bb4.27.0&#8243; _module_preset=\u00bbdefault\u00bb theme_builder_area=\u00bbpost_content\u00bb hover_enabled=\u00bb0&#8243; sticky_enabled=\u00bb0&#8243;]<\/p>\n<div id=\"main-content\">\n<article id=\"post-1341\" class=\"post-1341 page type-page status-publish hentry\">\n<div class=\"entry-content\">\n<div class=\"et-l et-l--post\">\n<div class=\"et_builder_inner_content et_pb_gutters3\">\n<div class=\"et_pb_section et_pb_section_0 et_section_regular\">\n<div class=\"et_pb_row et_pb_row_0\">\n<div class=\"et_pb_column et_pb_column_4_4 et_pb_column_0  et_pb_css_mix_blend_mode_passthrough et-last-child\">\n<div class=\"et_pb_module et_pb_text et_pb_text_0  et_pb_text_align_left et_pb_bg_layout_light\">\n<div class=\"et_pb_text_inner\">\n<h1>Accesibilidad<\/h1>\n<p>La accesibilidad web se refiere a la pr\u00e1ctica de hacer sitios web accesibles a todos los usuarios, independientemente de sus capacidades f\u00edsicas, mentales, tecnol\u00f3gicas y culturales. Los sitios web deben estar dise\u00f1ados tambi\u00e9n para que personas con cualquier tipo de discapacidad puedan acceder, leer y usar su contenido. \u00bfC\u00f3mo lo conseguimos?. Combinando elementos de programaci\u00f3n, etiquetado de contenido y estilos de dise\u00f1o. Gracias a eso conseguimos una personalizaci\u00f3n de la experiencia del usuario.<\/p>\n<p>Nos comprometemos a ofrecer una web accesible para todos. Hemos seguido todas las recomendaciones de la Web Content Accessibility Guidelines (WCAG) 2.0 y hemos logrado el nivel de cumplimiento con doble AA.<\/p>\n<p>Hemos dise\u00f1ado esta p\u00e1gina web para que sea f\u00e1cil de usar para todos los usuarios. Hemos seguido los principios de dise\u00f1o universal para proporcionar una experiencia de usuario satisfactoria para todos e implementado una variedad de medidas para garantizar que la informaci\u00f3n sea accesible para todos. Por \u00faltimo, para verificar estas condiciones hemos testeado la web con Tawdis o con la extensi\u00f3n Wave Evaluation tool<\/p>\n<\/div>\n<\/div>\n<\/div>\n<\/div>\n<\/div>\n<\/div>\n<\/div>\n<\/div>\n<\/article>\n<\/div>\n<p>[\/et_pb_text][\/et_pb_column][\/et_pb_row][\/et_pb_section]<\/p>","protected":false},"excerpt":{"rendered":"<p>Accesibilidad La accesibilidad web se refiere a la pr\u00e1ctica de hacer sitios web accesibles a todos los usuarios, independientemente de sus capacidades f\u00edsicas, mentales, tecnol\u00f3gicas y culturales. Los sitios web deben estar dise\u00f1ados tambi\u00e9n para que personas con cualquier tipo de discapacidad puedan acceder, leer y usar su contenido. \u00bfC\u00f3mo lo conseguimos?. Combinando elementos de [&hellip;]<\/p>","protected":false},"author":2,"featured_media":0,"parent":0,"menu_order":0,"comment_status":"closed","ping_status":"closed","template":"","meta":{"_et_pb_use_builder":"on","_et_pb_old_content":"<!-- wp:divi\/placeholder \/-->","_et_gb_content_width":"","footnotes":""},"class_list":["post-508","page","type-page","status-publish","hentry"],"yoast_head":"<!-- This site is optimized with the Yoast SEO plugin v26.1.1 - https:\/\/yoast.com\/wordpress\/plugins\/seo\/ -->\n<title>Accesibilidad - The Bell<\/title>\n<meta name=\"robots\" content=\"index, follow, max-snippet:-1, max-image-preview:large, max-video-preview:-1\" \/>\n<link rel=\"canonical\" href=\"https:\/\/thebell.es\/en\/accesibilidad\/\" \/>\n<meta property=\"og:locale\" content=\"en_GB\" \/>\n<meta property=\"og:type\" content=\"article\" \/>\n<meta property=\"og:title\" content=\"Accesibilidad - The Bell\" \/>\n<meta property=\"og:description\" content=\"Accesibilidad La accesibilidad web se refiere a la pr\u00e1ctica de hacer sitios web accesibles a todos los usuarios, independientemente de sus capacidades f\u00edsicas, mentales, tecnol\u00f3gicas y culturales. Los sitios web deben estar dise\u00f1ados tambi\u00e9n para que personas con cualquier tipo de discapacidad puedan acceder, leer y usar su contenido. \u00bfC\u00f3mo lo conseguimos?. Combinando elementos de [&hellip;]\" \/>\n<meta property=\"og:url\" content=\"https:\/\/thebell.es\/en\/accesibilidad\/\" \/>\n<meta property=\"og:site_name\" content=\"The Bell\" \/>\n<meta property=\"article:modified_time\" content=\"2024-09-26T07:08:41+00:00\" \/>\n<meta name=\"twitter:card\" content=\"summary_large_image\" \/>\n<script type=\"application\/ld+json\" class=\"yoast-schema-graph\">{\"@context\":\"https:\/\/schema.org\",\"@graph\":[{\"@type\":\"WebPage\",\"@id\":\"https:\/\/thebell.es\/accesibilidad\/\",\"url\":\"https:\/\/thebell.es\/accesibilidad\/\",\"name\":\"Accesibilidad - The Bell\",\"isPartOf\":{\"@id\":\"https:\/\/thebell.es\/#website\"},\"datePublished\":\"2024-07-26T13:28:17+00:00\",\"dateModified\":\"2024-09-26T07:08:41+00:00\",\"breadcrumb\":{\"@id\":\"https:\/\/thebell.es\/accesibilidad\/#breadcrumb\"},\"inLanguage\":\"en-GB\",\"potentialAction\":[{\"@type\":\"ReadAction\",\"target\":[\"https:\/\/thebell.es\/accesibilidad\/\"]}]},{\"@type\":\"BreadcrumbList\",\"@id\":\"https:\/\/thebell.es\/accesibilidad\/#breadcrumb\",\"itemListElement\":[{\"@type\":\"ListItem\",\"position\":1,\"name\":\"Portada\",\"item\":\"https:\/\/thebell.es\/\"},{\"@type\":\"ListItem\",\"position\":2,\"name\":\"Accesibilidad\"}]},{\"@type\":\"WebSite\",\"@id\":\"https:\/\/thebell.es\/#website\",\"url\":\"https:\/\/thebell.es\/\",\"name\":\"The Bell\",\"description\":\"Centro de ingl\u00e9s. Juega, aprende y crece con nosotros\",\"potentialAction\":[{\"@type\":\"SearchAction\",\"target\":{\"@type\":\"EntryPoint\",\"urlTemplate\":\"https:\/\/thebell.es\/?s={search_term_string}\"},\"query-input\":{\"@type\":\"PropertyValueSpecification\",\"valueRequired\":true,\"valueName\":\"search_term_string\"}}],\"inLanguage\":\"en-GB\"}]}<\/script>\n<!-- \/ Yoast SEO plugin. -->","yoast_head_json":{"title":"Accesibilidad - The Bell","robots":{"index":"index","follow":"follow","max-snippet":"max-snippet:-1","max-image-preview":"max-image-preview:large","max-video-preview":"max-video-preview:-1"},"canonical":"https:\/\/thebell.es\/en\/accesibilidad\/","og_locale":"en_GB","og_type":"article","og_title":"Accesibilidad - The Bell","og_description":"Accesibilidad La accesibilidad web se refiere a la pr\u00e1ctica de hacer sitios web accesibles a todos los usuarios, independientemente de sus capacidades f\u00edsicas, mentales, tecnol\u00f3gicas y culturales. Los sitios web deben estar dise\u00f1ados tambi\u00e9n para que personas con cualquier tipo de discapacidad puedan acceder, leer y usar su contenido. \u00bfC\u00f3mo lo conseguimos?. Combinando elementos de [&hellip;]","og_url":"https:\/\/thebell.es\/en\/accesibilidad\/","og_site_name":"The Bell","article_modified_time":"2024-09-26T07:08:41+00:00","twitter_card":"summary_large_image","schema":{"@context":"https:\/\/schema.org","@graph":[{"@type":"WebPage","@id":"https:\/\/thebell.es\/accesibilidad\/","url":"https:\/\/thebell.es\/accesibilidad\/","name":"Accesibilidad - The Bell","isPartOf":{"@id":"https:\/\/thebell.es\/#website"},"datePublished":"2024-07-26T13:28:17+00:00","dateModified":"2024-09-26T07:08:41+00:00","breadcrumb":{"@id":"https:\/\/thebell.es\/accesibilidad\/#breadcrumb"},"inLanguage":"en-GB","potentialAction":[{"@type":"ReadAction","target":["https:\/\/thebell.es\/accesibilidad\/"]}]},{"@type":"BreadcrumbList","@id":"https:\/\/thebell.es\/accesibilidad\/#breadcrumb","itemListElement":[{"@type":"ListItem","position":1,"name":"Portada","item":"https:\/\/thebell.es\/"},{"@type":"ListItem","position":2,"name":"Accesibilidad"}]},{"@type":"WebSite","@id":"https:\/\/thebell.es\/#website","url":"https:\/\/thebell.es\/","name":"The Bell","description":"Centro de ingl\u00e9s. Juega, aprende y crece con nosotros","potentialAction":[{"@type":"SearchAction","target":{"@type":"EntryPoint","urlTemplate":"https:\/\/thebell.es\/?s={search_term_string}"},"query-input":{"@type":"PropertyValueSpecification","valueRequired":true,"valueName":"search_term_string"}}],"inLanguage":"en-GB"}]}},"_links":{"self":[{"href":"https:\/\/thebell.es\/en\/wp-json\/wp\/v2\/pages\/508","targetHints":{"allow":["GET"]}}],"collection":[{"href":"https:\/\/thebell.es\/en\/wp-json\/wp\/v2\/pages"}],"about":[{"href":"https:\/\/thebell.es\/en\/wp-json\/wp\/v2\/types\/page"}],"author":[{"embeddable":true,"href":"https:\/\/thebell.es\/en\/wp-json\/wp\/v2\/users\/2"}],"replies":[{"embeddable":true,"href":"https:\/\/thebell.es\/en\/wp-json\/wp\/v2\/comments?post=508"}],"version-history":[{"count":3,"href":"https:\/\/thebell.es\/en\/wp-json\/wp\/v2\/pages\/508\/revisions"}],"predecessor-version":[{"id":736,"href":"https:\/\/thebell.es\/en\/wp-json\/wp\/v2\/pages\/508\/revisions\/736"}],"wp:attachment":[{"href":"https:\/\/thebell.es\/en\/wp-json\/wp\/v2\/media?parent=508"}],"curies":[{"name":"wp","href":"https:\/\/api.w.org\/{rel}","templated":true}]}}